{"id":181,"date":"2024-06-04T15:28:05","date_gmt":"2024-06-04T19:28:05","guid":{"rendered":"https:\/\/600mountaineer.com\/?page_id=181"},"modified":"2025-04-13T22:20:26","modified_gmt":"2025-04-14T02:20:26","slug":"merci","status":"publish","type":"page","link":"https:\/\/600mountaineer.com\/fr\/thank-you\/","title":{"rendered":"Merci de votre int\u00e9r\u00eat"},"content":{"rendered":"<img decoding=\"async\" data-src=\"https:\/\/600mountaineer.com\/wp-content\/uploads\/2024\/06\/600-Moutaineer-Logo-RGB-Blanc.png\" alt=\"- 600 Moutaineer - Logo - RGB - Blanc\" itemprop=\"image\" height=\"615\" width=\"800\" title=\"- 600 Moutaineer - Logo - RGB - Blanc\" onerror=\"this.style.display='none'\" src=\"data:image\/svg+xml;base64,PHN2ZyB3aWR0aD0iMSIgaGVpZ2h0PSIxIiB4bWxucz0iaHR0cDovL3d3dy53My5vcmcvMjAwMC9zdmciPjwvc3ZnPg==\" class=\"lazyload\" style=\"--smush-placeholder-width: 800px; --smush-placeholder-aspect-ratio: 800\/615;\" \/>\n<h2>\n\t\tMerci de votre int\u00e9r\u00eat !\n\t<\/h2>\n<h2>\n\t\tVotre demande a \u00e9t\u00e9 envoy\u00e9e\n\t<\/h2>\n\t<p>Vous avez soumis avec succ\u00e8s une demande pour le 600 Mountaineer \u00e0 Ottawa.  Un repr\u00e9sentant du service de location vous contactera sous peu pour vous fournir les renseignements n\u00e9cessaires. Vous pouvez \u00e9galement nous contacter \u00e0 l'adresse suivante <a href=\"tel:+16133832171\" target=\"_blank\" rel=\"noopener\">(613) 383-2171<\/a> ou <a href=\"mailto:info@600mountaineer.com\" target=\"_blank\" rel=\"noopener\">info@600mountaineer.com<\/a><\/p>\n\t\t\t<a href=\"https:\/\/allinone.prod.resimo.io\/corsim\/everest-north\/#\/?app=0&#038;lang=en\" role=\"button\" target=\"_blank\" onclick=\"\" rel=\"noopener\">\n\t\t\t\t\t\t\t\t\t\t\t\t\t\t\t\t\t\t\t\t\t\tVoir les plans\n\t\t\t\t\t\t\t<\/a>\n\t\t\t<a href=\"https:\/\/rentsmartshop.app.doorloop.com\/tenant-portal\/rental-application?companyId=655e25ceb4d2170d86871334&#038;propertyId=657745615029550da2ad11fe&#038;unitId=66805b522f57fc58675bb4c5&#038;source=UnitLink\" role=\"button\" target=\"_blank\" onclick=\"\" rel=\"noopener\">\n\t\t\t\t\t\t\t\t\t\t\t\t\t\t\t\t\t\t\t\t\t\tPostuler\n\t\t\t\t\t\t\t<\/a>","protected":false},"excerpt":{"rendered":"<p>Merci de votre int\u00e9r\u00eat ! Votre demande a \u00e9t\u00e9 envoy\u00e9e Vous avez soumis avec succ\u00e8s une demande pour le 600 Mountaineer \u00e0 Ottawa.  Un repr\u00e9sentant de la location communiquera avec vous sous peu pour vous fournir les renseignements n\u00e9cessaires. Vous pouvez \u00e9galement nous contacter au (613) 383-2171 ou \u00e0 info@600mountaineer.com Voir les plans d'\u00e9tage Postuler maintenant<\/p>","protected":false},"author":1,"featured_media":0,"parent":0,"menu_order":0,"comment_status":"closed","ping_status":"closed","template":"","meta":{"inline_featured_image":false,"footnotes":""},"class_list":["post-181","page","type-page","status-publish","hentry"],"_links":{"self":[{"href":"https:\/\/600mountaineer.com\/fr\/wp-json\/wp\/v2\/pages\/181","targetHints":{"allow":["GET"]}}],"collection":[{"href":"https:\/\/600mountaineer.com\/fr\/wp-json\/wp\/v2\/pages"}],"about":[{"href":"https:\/\/600mountaineer.com\/fr\/wp-json\/wp\/v2\/types\/page"}],"author":[{"embeddable":true,"href":"https:\/\/600mountaineer.com\/fr\/wp-json\/wp\/v2\/users\/1"}],"replies":[{"embeddable":true,"href":"https:\/\/600mountaineer.com\/fr\/wp-json\/wp\/v2\/comments?post=181"}],"version-history":[{"count":10,"href":"https:\/\/600mountaineer.com\/fr\/wp-json\/wp\/v2\/pages\/181\/revisions"}],"predecessor-version":[{"id":501,"href":"https:\/\/600mountaineer.com\/fr\/wp-json\/wp\/v2\/pages\/181\/revisions\/501"}],"wp:attachment":[{"href":"https:\/\/600mountaineer.com\/fr\/wp-json\/wp\/v2\/media?parent=181"}],"curies":[{"name":"wp","href":"https:\/\/api.w.org\/{rel}","templated":true}]}}