{"id":29,"date":"2024-06-03T16:19:54","date_gmt":"2024-06-03T20:19:54","guid":{"rendered":"https:\/\/600mountaineer.com\/?page_id=29"},"modified":"2026-01-12T06:35:44","modified_gmt":"2026-01-12T11:35:44","slug":"contact","status":"publish","type":"page","link":"https:\/\/600mountaineer.com\/fr\/contact\/","title":{"rendered":"Contacter le 600 Mountaineer"},"content":{"rendered":"<h2>\n\t\t\tNous contacter\n\t\t<\/h2>\n\t\t<h3>\n\t\t\tDes questions sur la location ?\n\t\t<\/h3>\n\t\t\t<p>N'h\u00e9sitez pas \u00e0 nous contacter par t\u00e9l\u00e9phone, par courrier \u00e9lectronique ou en visitant notre bureau de location pendant les heures d'ouverture. Vous pouvez \u00e9galement nous contacter d\u00e8s aujourd'hui en remplissant le formulaire ci-dessous.<\/p>\t\t\n\t\t<h5>\n\t\t\tADRESSE\n\t\t<\/h5>\n\t\t\t<p><a href=\"https:\/\/www.google.com\/maps\/dir\/?api=1&amp;destination=45.4048335%2c-75.6292042\" target=\"_blank\" rel=\"noopener\">600 Mountaineer Pvt, Ottawa, ON K1G 6Y8<\/a><\/p>\t\t\n\t\t<h5>\n\t\t\t\t\t\t\t<a\n\t\t\t\t\thref=\"tel:+16132881295\"\n\t\t\t\t\ttarget=\"_self\">\n\t\t\tT\u00c9L\u00c9PHONE\n\t\t\t\t\t\t\t<\/a>\n\t\t<\/h5>\n\t\t\t<p><a href=\"tel:+16132881295\">(613) 288-1295<\/a><\/p>\t\t\n\t\t<h5>\n\t\t\t\t\t\t\t<a\n\t\t\t\t\thref=\"mailto:communities@colonnadebridgeport.ca\"\n\t\t\t\t\ttarget=\"_self\">\n\t\t\tEMAIL\n\t\t\t\t\t\t\t<\/a>\n\t\t<\/h5>\n\t\t\t<p><a href=\"mailto:communities@colonnadebridgeport.ca\">communities@colonnadebridgeport.ca<\/a><\/p>\n\t\t<link itemprop=\"url\" href=\"https:\/\/600mountaineer.com\"\/>\n\t\t<a itemprop=\"sameAs\" href=\"https:\/\/www.facebook.com\/600mountaineer\/\" target=\"_blank\" title=\"\" aria-label=\"\" role=\"button\" rel=\"noopener noreferrer external\">\n\t\t\t\t\t<\/a>\n\t\t<link itemprop=\"url\" href=\"https:\/\/600mountaineer.com\"\/>\n\t\t<a itemprop=\"sameAs\" href=\"https:\/\/www.instagram.com\/600mountaineer\/\" target=\"_blank\" title=\"\" aria-label=\"\" role=\"button\" rel=\"noopener noreferrer external\">\n\t\t\t\t\t<\/a>\n\t\t<link itemprop=\"url\" href=\"https:\/\/600mountaineer.com\"\/>\n\t\t<a itemprop=\"sameAs\" href=\"mailto:info@600mountaineer.com\" target=\"_blank\" title=\"\" aria-label=\"\" role=\"button\" rel=\"noopener noreferrer external\">\n\t\t\t\t\t<\/a>\n\t<iframe data-src=\"https:\/\/www.google.com\/maps\/embed\/v1\/place?q=600+mountaineer%2C+ottawa%2C+ontario%3Cbr+%2F%3E&#038;key=AIzaSyD09zQ9PNDNNy9TadMuzRV_UsPUoWKntt8\" aria-hidden=\"true\" src=\"data:image\/svg+xml;base64,PHN2ZyB3aWR0aD0iMSIgaGVpZ2h0PSIxIiB4bWxucz0iaHR0cDovL3d3dy53My5vcmcvMjAwMC9zdmciPjwvc3ZnPg==\" class=\"lazyload\" data-load-mode=\"1\"><\/iframe>\n                <form method='post' enctype='multipart\/form-data' target='gform_ajax_frame_1' id='gform_1'  action='https:\/\/600mountaineer.com\/fr\/contact\/?fl_builder&#038;fl_builder_ui_iframe#gf_1' data-formid='1' novalidate data-trp-original-action=\"https:\/\/600mountaineer.com\/contact\/?fl_builder&#038;fl_builder_ui_iframe#gf_1\"> \n <input type='hidden' class='gforms-pum' value='{\"closepopup\":false,\"closedelay\":0,\"openpopup\":false,\"openpopup_id\":0}' \/>\n                        <fieldset id=\"field_1_1\"><legend class='gfield_label gform-field-label gfield_label_before_complex'>Nom (obligatoire)<\/legend>\n                                                    <label for='input_1_1_3' class='gform-field-label gform-field-label--type-sub'>Pr\u00e9nom<\/label>\n                                                    <input type='text' name='input_1.3' id='input_1_1_3' value='' tabindex='101'  aria-required='true'    autocomplete=\"given-name\" \/>\n                                                            <label for='input_1_1_6' class='gform-field-label gform-field-label--type-sub'>Nom<\/label>\n                                                            <input type='text' name='input_1.6' id='input_1_1_6' value='' tabindex='103'  aria-required='true'    autocomplete=\"family-name\" \/>\n                        <\/fieldset><fieldset id=\"field_1_2\"><legend class='gfield_label gform-field-label gfield_label_before_complex'>Courriel (obligatoire)<\/legend>\n                                    <label for='input_1_2' class='gform-field-label gform-field-label--type-sub'>Adresse courriel<\/label>\n                                    <input class='' type='email' name='input_2' id='input_1_2' value='' tabindex='105'   aria-required=\"true\" aria-invalid=\"false\"  autocomplete=\"email\"\/>\n                                    <label for='input_1_2_2' class='gform-field-label gform-field-label--type-sub'>Confirmez l'adresse courriel<\/label>\n                                    <input class='' type='email' name='input_2_2' id='input_1_2_2' value='' tabindex='106'   aria-required=\"true\" aria-invalid=\"false\"  autocomplete=\"email\"\/>\n                            <\/fieldset><fieldset id=\"field_1_4\"><legend class='gfield_label gform-field-label'>Quelle est la phase qui vous int\u00e9resse ?(Obligatoire)<\/legend>\n\t\t\t\t\t<input class='gfield-choice-input' name='input_4' type='radio' value='600'  id='choice_1_4_0' onchange='gformToggleRadioOther( this )'  tabindex='107'  \/>\n\t\t\t\t\t<label for='choice_1_4_0' id='label_1_4_0' class='gform-field-label gform-field-label--type-inline'>600 Mountaineer<\/label>\n\t\t\t\t\t<input class='gfield-choice-input' name='input_4' type='radio' value='601'  id='choice_1_4_1' onchange='gformToggleRadioOther( this )'  tabindex='108'  \/>\n\t\t\t\t\t<label for='choice_1_4_1' id='label_1_4_1' class='gform-field-label gform-field-label--type-inline'>601 Mountaineer<\/label>\n\t\t\t<\/fieldset><label class='gfield_label gform-field-label' for='input_1_3'>Commentaires(Obligatoire)<\/label>Faites-nous part de vos questions ou pr\u00e9occupations. Il nous fera plaisir d\u2019y r\u00e9pondre.<textarea name='input_3' id='input_1_3' class='textarea medium' tabindex='109' aria-describedby=\"gfield_description_1_3\" maxlength='600'  aria-required=\"true\" aria-invalid=\"false\"   rows='10' cols='50'><\/textarea>\n         <input type='submit' id='gform_submit_button_1' class='gform_button button' onclick='gform.submission.handleButtonClick(this);' data-submission-type='submit' value='Soumettre' tabindex='110' \/> <input type='hidden' name='gform_ajax' value='form_id=1&amp;title=&amp;description=&amp;tabindex=100&amp;theme=gravity-theme&amp;styles=[]&amp;hash=a1d9f8ebc237463ae6667545e7e4791b' \/>\n            <input type='hidden' class='gform_hidden' name='gform_submission_method' data-js='gform_submission_method_1' value='iframe' \/>\n            <input type='hidden' class='gform_hidden' name='gform_theme' data-js='gform_theme_1' id='gform_theme_1' value='gravity-theme' \/>\n            <input type='hidden' class='gform_hidden' name='gform_style_settings' data-js='gform_style_settings_1' id='gform_style_settings_1' value='[]' \/>\n            <input type='hidden' class='gform_hidden' name='is_submit_1' value='1' \/>\n            <input type='hidden' class='gform_hidden' name='gform_submit' value='1' \/>\n            <input type='hidden' class='gform_hidden' name='gform_unique_id' value='' \/>\n            <input type='hidden' class='gform_hidden' name='state_1' value='WyJ7XCI0XCI6W1wiOWYxMGI4YzYzMjI4MGM4ZDllMmVkZDhmYmNkMzM1NzBcIixcImM4NmNjMzEwYTMzOGNiZDZlZDVmZWJiZTQxMWNkZDdkXCJdfSIsIjQxZGM1MTE2MTcxN2Q3NjY2NmY0NTdhNTA4ZDczMjM4Il0=' \/>\n            <input type='hidden' autocomplete='off' class='gform_hidden' name='gform_target_page_number_1' id='gform_target_page_number_1' value='0' \/>\n            <input type='hidden' autocomplete='off' class='gform_hidden' name='gform_source_page_number_1' id='gform_source_page_number_1' value='1' \/>\n            <input type='hidden' name='gform_field_values' value='' \/>\n                        <input type=\"hidden\" name=\"trp-form-language\" value=\"fr\"\/><\/form>\n\t\t                <iframe style='display:none;width:0px;height:0px;' src='about:blank' name='gform_ajax_frame_1' id='gform_ajax_frame_1' title='Cette iframe contient la logique n\u00e9cessaire pour g\u00e9rer les formulaires Gravity aliment\u00e9s par Ajax.'><\/iframe>","protected":false},"excerpt":{"rendered":"<p>Contact Us Questions about renting? Feel free to reach out to us via phone, email, or by visiting our rental office during business hours. Also contact us today by filling out the form below. ADDRESS 600 Mountaineer Pvt, Ottawa, ON K1G 6Y8 PHONE (613) 288-1295 EMAIL communities@colonnadebridgeport.ca Name(Required) Firstname Lastname Email(Required) Email address Confirm your&hellip;<\/p>","protected":false},"author":1,"featured_media":0,"parent":0,"menu_order":0,"comment_status":"closed","ping_status":"closed","template":"","meta":{"inline_featured_image":false,"footnotes":""},"class_list":["post-29","page","type-page","status-publish","hentry"],"_links":{"self":[{"href":"https:\/\/600mountaineer.com\/fr\/wp-json\/wp\/v2\/pages\/29","targetHints":{"allow":["GET"]}}],"collection":[{"href":"https:\/\/600mountaineer.com\/fr\/wp-json\/wp\/v2\/pages"}],"about":[{"href":"https:\/\/600mountaineer.com\/fr\/wp-json\/wp\/v2\/types\/page"}],"author":[{"embeddable":true,"href":"https:\/\/600mountaineer.com\/fr\/wp-json\/wp\/v2\/users\/1"}],"replies":[{"embeddable":true,"href":"https:\/\/600mountaineer.com\/fr\/wp-json\/wp\/v2\/comments?post=29"}],"version-history":[{"count":16,"href":"https:\/\/600mountaineer.com\/fr\/wp-json\/wp\/v2\/pages\/29\/revisions"}],"predecessor-version":[{"id":908,"href":"https:\/\/600mountaineer.com\/fr\/wp-json\/wp\/v2\/pages\/29\/revisions\/908"}],"wp:attachment":[{"href":"https:\/\/600mountaineer.com\/fr\/wp-json\/wp\/v2\/media?parent=29"}],"curies":[{"name":"wp","href":"https:\/\/api.w.org\/{rel}","templated":true}]}}