{"id":565,"date":"2025-03-12T08:27:31","date_gmt":"2025-03-12T12:27:31","guid":{"rendered":"https:\/\/600mountaineer.com\/?page_id=565"},"modified":"2025-03-18T12:45:08","modified_gmt":"2025-03-18T16:45:08","slug":"espaces-communs","status":"publish","type":"page","link":"https:\/\/600mountaineer.com\/fr\/common-areas\/","title":{"rendered":"Am\u00e9nagements et espaces communs"},"content":{"rendered":"<h1>\n\t\tEspaces communs\n\t<\/h1>\n<h2>\n\t\tDes \u00e9quipements pour r\u00e9pondre \u00e0 tous les besoins\n\t<\/h2>\n\t<p>Au 600 Mountaineer, chaque \u00e9l\u00e9ment de votre mode de vie est soigneusement pris en charge par une gamme impressionnante d'\u00e9quipements. Commencez votre journ\u00e9e dans la salle d'entra\u00eenement ultramoderne ou trouvez l'\u00e9quilibre dans le paisible studio de yoga, tous deux id\u00e9alement situ\u00e9s \u00e0 quelques pas de votre domicile. Lorsqu'il est temps de travailler ou d'\u00e9tudier, l'espace de co-working d\u00e9di\u00e9 offre un environnement productif avec une connexion Internet haut d\u00e9bit.<\/p>\n\t<p>Ensuite, vous pourrez vous d\u00e9tendre dans les salons accueillants, con\u00e7us pour la socialisation ou la relaxation tranquille, ou sortir sur la vaste terrasse ext\u00e9rieure pour profiter de l'air frais et des vues pittoresques de la ville. Avec des barbecues sur place, pr\u00eats \u00e0 accueillir des repas d\u00e9contract\u00e9s, ces \u00e9quipements modernes sont r\u00e9unis pour favoriser une communaut\u00e9 dynamique centr\u00e9e sur le confort, la connexion et le bien-\u00eatre.<\/p>\n<h4>\n\t\tVotre appartement de luxe vous attend, louez d\u00e8s maintenant!\n\t<\/h4>\n\t\t\t\t<img decoding=\"async\" data-src=\"https:\/\/600mountaineer.com\/wp-content\/uploads\/2024\/06\/Moutaineer-Montagne-RGB-Beige.png\" alt=\"Moutaineer - Montagne - RGB - Beige\" itemprop=\"image\" height=\"320\" width=\"1920\" title=\"Moutaineer - Montagne - RGB - Beige\" onerror=\"this.style.display='none'\" src=\"data:image\/svg+xml;base64,PHN2ZyB3aWR0aD0iMSIgaGVpZ2h0PSIxIiB4bWxucz0iaHR0cDovL3d3dy53My5vcmcvMjAwMC9zdmciPjwvc3ZnPg==\" class=\"lazyload\" style=\"--smush-placeholder-width: 1920px; --smush-placeholder-aspect-ratio: 1920\/320;\" \/>\n\t<p>Contactez-nous d\u00e8s aujourd'hui pour en savoir plus et planifier votre visite priv\u00e9e.<\/p>\n\t\t\t\t\t\t\t\"Les champs obligatoires sont indiqu\u00e9s par un ast\u00e9risque (*)\n                        <form method='post' enctype='multipart\/form-data' target='gform_ajax_frame_2' id='gform_2'  action='\/fr\/?page_id=565&#038;fl_builder#gf_2' data-formid='2' novalidate data-trp-original-action=\"\/?page_id=565&#038;fl_builder#gf_2\">\n                        <fieldset id=\"field_2_1\"  data-js-reload=\"field_2_1\"><legend class='gfield_label gform-field-label gfield_label_before_complex'>Nom*<\/legend>\n                                                    <input type='text' name='input_1.3' id='input_2_1_3' value='' tabindex='101'  aria-required='true'   placeholder='Pr\u00e9nom' autocomplete=\"given-name\" \/>\n                                                    <label for='input_2_1_3' class='gform-field-label gform-field-label--type-sub hidden_sub_label screen-reader-text'>Pr\u00e9nom<\/label>\n                                                    <input type='text' name='input_1.6' id='input_2_1_6' value='' tabindex='103'  aria-required='true'   placeholder='Nom' autocomplete=\"family-name\" \/>\n                                                    <label for='input_2_1_6' class='gform-field-label gform-field-label--type-sub hidden_sub_label screen-reader-text'>Nom<\/label>\n                        <\/fieldset><fieldset id=\"field_2_2\"  data-js-reload=\"field_2_2\"><legend class='gfield_label gform-field-label gfield_label_before_complex'>Courriel*<\/legend>\n                                    <input class='' type='email' name='input_2' id='input_2_2' value='' tabindex='105'  placeholder='Confirmez l&#039;adresse courriel' aria-required=\"true\" aria-invalid=\"false\"  autocomplete=\"email\"\/>\n                                    <label for='input_2_2' class='gform-field-label gform-field-label--type-sub hidden_sub_label screen-reader-text'>Saisir l'adresse \u00e9lectronique<\/label>\n                                    <input class='' type='email' name='input_2_2' id='input_2_2_2' value='' tabindex='106'  placeholder='Confirmer l&#039;e-mail' aria-required=\"true\" aria-invalid=\"false\"  autocomplete=\"email\"\/>\n                                    <label for='input_2_2_2' class='gform-field-label gform-field-label--type-sub hidden_sub_label screen-reader-text'>Confirmer l'e-mail<\/label>\n                            <\/fieldset><label class='gfield_label gform-field-label' for='input_2_4'>T\u00e9l\u00e9phone*<\/label><input name='input_4' id='input_2_4' type='tel' value='' class='large' tabindex='107' placeholder='T\u00e9l\u00e9phone' aria-required=\"true\" aria-invalid=\"false\"  autocomplete=\"tel\" \/><label class='gfield_label gform-field-label' for='input_2_6'>Date d'emm\u00e9nagement*<\/label>\n                            <input name='input_6' id='input_2_6' type='text' value='' class='datepicker gform-datepicker mdy datepicker_no_icon gdatepicker-no-icon' tabindex='108'  placeholder='mm\/jj\/aaaa' aria-describedby=\"input_2_6_date_format\" aria-invalid=\"false\" aria-required=\"true\"\/>\n                            MM barre oblique DD barre oblique AAAA\n                        <input type='hidden' id='gforms_calendar_icon_input_2_6' class='gform_hidden' value='https:\/\/600mountaineer.com\/wp-content\/plugins\/gravityforms\/images\/datepicker\/datepicker.svg'\/><label class='gfield_label gform-field-label' for='input_2_5'>Cherche \u00e0 louer*<\/label><select name='input_5' id='input_2_5' class='medium gfield_select' tabindex='109'   aria-required=\"true\" aria-invalid=\"false\"><option value='' selected='selected' class='gf_placeholder'>Nombre de chambres<\/option><option value='1 Bedroom'>1 chambre<\/option><option value='1 Bedroom + Den'>1 chambre + bureau<\/option><option value='2 Bedroom'>2 chambres<\/option><option value='2 Bedroom + Den'>2 chambres + bureau<\/option><option value='Undecided'>Ind\u00e9cis<\/option><\/select><label class='gfield_label gform-field-label' for='input_2_3'>Commentaires<\/label><textarea name='input_3' id='input_2_3' class='textarea small' tabindex='110'  maxlength='600' placeholder='N&#039;h\u00e9sitez pas \u00e0 nous faire part de vos pr\u00e9occupations. Vous avez une question \u00e0 nous poser ? N&#039;h\u00e9sitez pas \u00e0 la poser.'  aria-invalid=\"false\"   rows='10' cols='50'><\/textarea><label class='gfield_label gform-field-label' for='input_2_7'>Nom<\/label>Ce champ est utilis\u00e9 \u00e0 des fins de validation et ne doit pas \u00eatre modifi\u00e9.<input name='input_7' id='input_2_7' type='text' value='' autocomplete='new-password'\/>\n         <input type='submit' id='gform_submit_button_2' class='gform_button button' onclick='gform.submission.handleButtonClick(this);' value='Envoyer' tabindex='111' \/> <input type='hidden' name='gform_ajax' value='form_id=2&amp;title=&amp;description=&amp;tabindex=100&amp;theme=gravity-theme&amp;styles=[]&amp;hash=e7f710a893ae7720134a5bcc116899ec' \/>\n            <input type='hidden' class='gform_hidden' name='gform_submission_method' data-js='gform_submission_method_2' value='iframe' \/>\n            <input type='hidden' class='gform_hidden' name='gform_theme' data-js='gform_theme_2' id='gform_theme_2' value='gravity-theme' \/>\n            <input type='hidden' class='gform_hidden' name='gform_style_settings' data-js='gform_style_settings_2' id='gform_style_settings_2' value='[]' \/>\n            <input type='hidden' class='gform_hidden' name='is_submit_2' value='1' \/>\n            <input type='hidden' class='gform_hidden' name='gform_submit' value='2' \/>\n            <input type='hidden' class='gform_hidden' name='gform_unique_id' value='' \/>\n            <input type='hidden' class='gform_hidden' name='state_2' value='WyJ7XCI1XCI6W1wiMWYxYzUwMTAxMjFhNzJiZTFiYzA4MTAxOTIwNjhiYjVcIixcImMxYTE5NmFmMzhjNmI4ZjQxMDk0MDZhNmI4ZTI0NTVhXCIsXCJiZGIwYzQ5NjQ5YzgyYjc1YzNkODMxNmQzYjIxMTEwMlwiLFwiYjU2NmE5ZGY5N2FlYTQyNGJiNWY2OTM2NGQ2Y2EzMThcIixcIjBkMTk5MDQxNGQ5ZmRlMzkwZGEyMGIwNTllMjY5M2Q3XCJdfSIsImI3ZDczM2ViYjVkMjQ0MjVkMTNjYzgyMjU3MWQ3NGZlIl0=' \/>\n            <input type='hidden' autocomplete='off' class='gform_hidden' name='gform_target_page_number_2' id='gform_target_page_number_2' value='0' \/>\n            <input type='hidden' autocomplete='off' class='gform_hidden' name='gform_source_page_number_2' id='gform_source_page_number_2' value='1' \/>\n            <input type='hidden' name='gform_field_values' value='' \/>\n                        <input type=\"hidden\" name=\"trp-form-language\" value=\"fr\"\/><\/form>\n\t\t                <iframe style='display:none;width:0px;height:0px;' src='about:blank' name='gform_ajax_frame_2' id='gform_ajax_frame_2' title='Cette iframe contient la logique n\u00e9cessaire pour g\u00e9rer les formulaires Gravity aliment\u00e9s par Ajax.'><\/iframe>","protected":false},"excerpt":{"rendered":"<p>Espaces communs Des \u00e9quipements pour r\u00e9pondre \u00e0 tous les besoins Au 600 Mountaineer, chaque \u00e9l\u00e9ment de votre mode de vie est soigneusement pris en charge par une gamme impressionnante d'\u00e9quipements. Commencez votre journ\u00e9e dans la salle d'entra\u00eenement ultramoderne ou trouvez l'\u00e9quilibre dans le paisible studio de yoga, tous deux situ\u00e9s \u00e0 quelques pas de votre r\u00e9sidence. Lorsqu'il est temps de travailler ou d'\u00e9tudier, le...<\/p>","protected":false},"author":1,"featured_media":698,"parent":0,"menu_order":0,"comment_status":"closed","ping_status":"closed","template":"","meta":{"inline_featured_image":false,"footnotes":""},"class_list":["post-565","page","type-page","status-publish","has-post-thumbnail","hentry"],"_links":{"self":[{"href":"https:\/\/600mountaineer.com\/fr\/wp-json\/wp\/v2\/pages\/565","targetHints":{"allow":["GET"]}}],"collection":[{"href":"https:\/\/600mountaineer.com\/fr\/wp-json\/wp\/v2\/pages"}],"about":[{"href":"https:\/\/600mountaineer.com\/fr\/wp-json\/wp\/v2\/types\/page"}],"author":[{"embeddable":true,"href":"https:\/\/600mountaineer.com\/fr\/wp-json\/wp\/v2\/users\/1"}],"replies":[{"embeddable":true,"href":"https:\/\/600mountaineer.com\/fr\/wp-json\/wp\/v2\/comments?post=565"}],"version-history":[{"count":11,"href":"https:\/\/600mountaineer.com\/fr\/wp-json\/wp\/v2\/pages\/565\/revisions"}],"predecessor-version":[{"id":778,"href":"https:\/\/600mountaineer.com\/fr\/wp-json\/wp\/v2\/pages\/565\/revisions\/778"}],"wp:featuredmedia":[{"embeddable":true,"href":"https:\/\/600mountaineer.com\/fr\/wp-json\/wp\/v2\/media\/698"}],"wp:attachment":[{"href":"https:\/\/600mountaineer.com\/fr\/wp-json\/wp\/v2\/media?parent=565"}],"curies":[{"name":"wp","href":"https:\/\/api.w.org\/{rel}","templated":true}]}}