{"id":979,"date":"2026-01-12T18:42:09","date_gmt":"2026-01-12T23:42:09","guid":{"rendered":"https:\/\/600mountaineer.com\/?page_id=979"},"modified":"2026-01-22T15:37:50","modified_gmt":"2026-01-22T20:37:50","slug":"appartements","status":"publish","type":"page","link":"https:\/\/600mountaineer.com\/fr\/apartments\/","title":{"rendered":"Appartements au 600 Mountaineer"},"content":{"rendered":"<img decoding=\"async\" data-src=\"https:\/\/600mountaineer.com\/wp-content\/uploads\/2026\/01\/appartements-600-Moutaineer.webp\" alt=\"appartements-600-Moutaineer\" itemprop=\"image\" height=\"887\" width=\"1920\" title=\"appartements-600-Moutaineer\" onerror=\"this.style.display='none'\" src=\"data:image\/svg+xml;base64,PHN2ZyB3aWR0aD0iMSIgaGVpZ2h0PSIxIiB4bWxucz0iaHR0cDovL3d3dy53My5vcmcvMjAwMC9zdmciPjwvc3ZnPg==\" class=\"lazyload\" style=\"--smush-placeholder-width: 1920px; --smush-placeholder-aspect-ratio: 1920\/887;\" \/>\n<h2  data-animation-delay=\"0.0\" data-animation-duration=\"1\">\n\t\t\tNos appartements :<br \/>Un accueil chaleureux\t<\/h2>\n\t<p>Entrez dans votre appartement et vous vous sentirez imm\u00e9diatement chez vous. Soigneusement con\u00e7u avec des touches de modernit\u00e9 - des comptoirs en quartz \u00e0 la buanderie int\u00e9gr\u00e9e - chaque d\u00e9tail est pens\u00e9 pour votre confort et votre tranquillit\u00e9 d'esprit. Imaginez-vous en train de siroter un caf\u00e9 sur votre balcon spacieux ou de recevoir des amis dans votre salon communautaire confortable.<\/p>\n<h4>\n\t\t\tNouveaux appartements \u00e0 louer | 1 &amp; 2 chambres\t<\/h4>\n\t\t\t<img decoding=\"async\" data-src=\"https:\/\/600mountaineer.com\/wp-content\/uploads\/2025\/04\/Living-room-view-1.jpg\" alt=\"Salon-vue-1-600-Appartements de l&#039;alpiniste\" src=\"data:image\/svg+xml;base64,PHN2ZyB3aWR0aD0iMSIgaGVpZ2h0PSIxIiB4bWxucz0iaHR0cDovL3d3dy53My5vcmcvMjAwMC9zdmciPjwvc3ZnPg==\" class=\"lazyload\" style=\"--smush-placeholder-width: 1080px; --smush-placeholder-aspect-ratio: 1080\/1080;\" \/>\t\t\t\n\t\t\t\t<h2>Salon baign\u00e9 de lumi\u00e8re naturelle<\/h2><p>Ces salons offrent un m\u00e9lange harmonieux de chaleur et de style contemporain, garnis par des fen\u00eatres du plancher au plafond qui laissent ruisseler la lumi\u00e8re naturelle. Un environnement o\u00f9 les r\u00e9sidents peuvent se d\u00e9tendre, recevoir ou simplement profiter de la lumi\u00e8re du jour.<\/p>\n<img decoding=\"async\" data-src=\"https:\/\/600mountaineer.com\/wp-content\/uploads\/2025\/04\/Living-room-view-1.jpg\" alt=\"Salon-vue-1-600-Appartements de l&#039;alpiniste\" src=\"data:image\/svg+xml;base64,PHN2ZyB3aWR0aD0iMSIgaGVpZ2h0PSIxIiB4bWxucz0iaHR0cDovL3d3dy53My5vcmcvMjAwMC9zdmciPjwvc3ZnPg==\" class=\"lazyload\" style=\"--smush-placeholder-width: 1080px; --smush-placeholder-aspect-ratio: 1080\/1080;\" \/>\t\t\t\n\t\t\t<img decoding=\"async\" data-src=\"https:\/\/600mountaineer.com\/wp-content\/uploads\/2026\/01\/001_unit_203_600_mountaineer_2-final-2.webp\" alt=\"\" src=\"data:image\/svg+xml;base64,PHN2ZyB3aWR0aD0iMSIgaGVpZ2h0PSIxIiB4bWxucz0iaHR0cDovL3d3dy53My5vcmcvMjAwMC9zdmciPjwvc3ZnPg==\" class=\"lazyload\" style=\"--smush-placeholder-width: 1920px; --smush-placeholder-aspect-ratio: 1920\/1280;\" \/>\t\t\t\n\t\t\t\t<h2>Salon baign\u00e9 de lumi\u00e8re naturelle<\/h2><p>Ces salons offrent un m\u00e9lange harmonieux de chaleur et de style contemporain, garnis par des fen\u00eatres du plancher au plafond qui laissent ruisseler la lumi\u00e8re naturelle. Un environnement o\u00f9 les r\u00e9sidents peuvent se d\u00e9tendre, recevoir ou simplement profiter de la lumi\u00e8re du jour.<\/p>\n<img decoding=\"async\" data-src=\"https:\/\/600mountaineer.com\/wp-content\/uploads\/2026\/01\/001_unit_203_600_mountaineer_2-final-2.webp\" alt=\"\" src=\"data:image\/svg+xml;base64,PHN2ZyB3aWR0aD0iMSIgaGVpZ2h0PSIxIiB4bWxucz0iaHR0cDovL3d3dy53My5vcmcvMjAwMC9zdmciPjwvc3ZnPg==\" class=\"lazyload\" style=\"--smush-placeholder-width: 1920px; --smush-placeholder-aspect-ratio: 1920\/1280;\" \/>\t\t\t\n\t\t\t<img decoding=\"async\" data-src=\"https:\/\/600mountaineer.com\/wp-content\/uploads\/2025\/03\/005_209_600_mo-KITCHEN-DINING-LIVING-Final-01.jpg\" alt=\"\" src=\"data:image\/svg+xml;base64,PHN2ZyB3aWR0aD0iMSIgaGVpZ2h0PSIxIiB4bWxucz0iaHR0cDovL3d3dy53My5vcmcvMjAwMC9zdmciPjwvc3ZnPg==\" class=\"lazyload\" style=\"--smush-placeholder-width: 2038px; --smush-placeholder-aspect-ratio: 2038\/1358;\" \/>\t\t\t\n\t\t\t\t<h2>Salon baign\u00e9 de lumi\u00e8re naturelle<\/h2><p>Ces salons offrent un m\u00e9lange harmonieux de chaleur et de style contemporain, garnis par des fen\u00eatres du plancher au plafond qui laissent ruisseler la lumi\u00e8re naturelle. Un environnement o\u00f9 les r\u00e9sidents peuvent se d\u00e9tendre, recevoir ou simplement profiter de la lumi\u00e8re du jour.<\/p>\n<img decoding=\"async\" data-src=\"https:\/\/600mountaineer.com\/wp-content\/uploads\/2025\/03\/005_209_600_mo-KITCHEN-DINING-LIVING-Final-01.jpg\" alt=\"\" src=\"data:image\/svg+xml;base64,PHN2ZyB3aWR0aD0iMSIgaGVpZ2h0PSIxIiB4bWxucz0iaHR0cDovL3d3dy53My5vcmcvMjAwMC9zdmciPjwvc3ZnPg==\" class=\"lazyload\" style=\"--smush-placeholder-width: 2038px; --smush-placeholder-aspect-ratio: 2038\/1358;\" \/>\t\t\t\n\t\t\t<img decoding=\"async\" data-src=\"https:\/\/600mountaineer.com\/wp-content\/uploads\/2025\/04\/Kitchen-view-3.jpg\" alt=\"\" src=\"data:image\/svg+xml;base64,PHN2ZyB3aWR0aD0iMSIgaGVpZ2h0PSIxIiB4bWxucz0iaHR0cDovL3d3dy53My5vcmcvMjAwMC9zdmciPjwvc3ZnPg==\" class=\"lazyload\" style=\"--smush-placeholder-width: 1200px; --smush-placeholder-aspect-ratio: 1200\/1200;\" \/>\t\t\t\n\t\t\t\t<h2>La cuisine<\/h2><p>Votre nouvel appartement comprend des appareils \u00e9lectrom\u00e9nagers haut de gamme, des armoires contemporaines \u00e9l\u00e9gantes et un plan de travail en quartz. Cet agencement ouvert et a\u00e9r\u00e9 est con\u00e7u pour stimuler votre cr\u00e9ativit\u00e9 culinaire, que vous pr\u00e9pariez un repas rapide en semaine ou que vous organisiez un d\u00eener m\u00e9morable.<\/p>\n<img decoding=\"async\" data-src=\"https:\/\/600mountaineer.com\/wp-content\/uploads\/2025\/04\/Kitchen-view-3.jpg\" alt=\"\" src=\"data:image\/svg+xml;base64,PHN2ZyB3aWR0aD0iMSIgaGVpZ2h0PSIxIiB4bWxucz0iaHR0cDovL3d3dy53My5vcmcvMjAwMC9zdmciPjwvc3ZnPg==\" class=\"lazyload\" style=\"--smush-placeholder-width: 1200px; --smush-placeholder-aspect-ratio: 1200\/1200;\" \/>\t\t\t\n\t\t\t<img decoding=\"async\" data-src=\"https:\/\/600mountaineer.com\/wp-content\/uploads\/2025\/04\/Kitchen-view-2.jpg\" alt=\"Cuisine-vue-2-600-Mountaineer-Apartments\" src=\"data:image\/svg+xml;base64,PHN2ZyB3aWR0aD0iMSIgaGVpZ2h0PSIxIiB4bWxucz0iaHR0cDovL3d3dy53My5vcmcvMjAwMC9zdmciPjwvc3ZnPg==\" class=\"lazyload\" style=\"--smush-placeholder-width: 1080px; --smush-placeholder-aspect-ratio: 1080\/1080;\" \/>\t\t\t\n\t\t\t\t<h2>La cuisine<\/h2><p>Votre nouvel appartement comprend des appareils \u00e9lectrom\u00e9nagers haut de gamme, des armoires contemporaines \u00e9l\u00e9gantes et un plan de travail en quartz. Cet agencement ouvert et a\u00e9r\u00e9 est con\u00e7u pour stimuler votre cr\u00e9ativit\u00e9 culinaire, que vous pr\u00e9pariez un repas rapide en semaine ou que vous organisiez un d\u00eener m\u00e9morable.<\/p>\n<img decoding=\"async\" data-src=\"https:\/\/600mountaineer.com\/wp-content\/uploads\/2025\/04\/Kitchen-view-2.jpg\" alt=\"Cuisine-vue-2-600-Mountaineer-Apartments\" src=\"data:image\/svg+xml;base64,PHN2ZyB3aWR0aD0iMSIgaGVpZ2h0PSIxIiB4bWxucz0iaHR0cDovL3d3dy53My5vcmcvMjAwMC9zdmciPjwvc3ZnPg==\" class=\"lazyload\" style=\"--smush-placeholder-width: 1080px; --smush-placeholder-aspect-ratio: 1080\/1080;\" \/>\t\t\t\n\t\t\t<img decoding=\"async\" data-src=\"https:\/\/600mountaineer.com\/wp-content\/uploads\/2025\/04\/Kitchen-view.jpg\" alt=\"Cuisine-vue-600-appartements-mountaineer\" src=\"data:image\/svg+xml;base64,PHN2ZyB3aWR0aD0iMSIgaGVpZ2h0PSIxIiB4bWxucz0iaHR0cDovL3d3dy53My5vcmcvMjAwMC9zdmciPjwvc3ZnPg==\" class=\"lazyload\" style=\"--smush-placeholder-width: 1200px; --smush-placeholder-aspect-ratio: 1200\/1200;\" \/>\t\t\t\n\t\t\t\t<h2>La cuisine<\/h2><p>Votre nouvel appartement comprend des appareils \u00e9lectrom\u00e9nagers haut de gamme, des armoires contemporaines \u00e9l\u00e9gantes et un plan de travail en quartz. Cet agencement ouvert et a\u00e9r\u00e9 est con\u00e7u pour stimuler votre cr\u00e9ativit\u00e9 culinaire, que vous pr\u00e9pariez un repas rapide en semaine ou que vous organisiez un d\u00eener m\u00e9morable.<\/p>\n<img decoding=\"async\" data-src=\"https:\/\/600mountaineer.com\/wp-content\/uploads\/2025\/04\/Kitchen-view.jpg\" alt=\"Cuisine-vue-600-appartements-mountaineer\" src=\"data:image\/svg+xml;base64,PHN2ZyB3aWR0aD0iMSIgaGVpZ2h0PSIxIiB4bWxucz0iaHR0cDovL3d3dy53My5vcmcvMjAwMC9zdmciPjwvc3ZnPg==\" class=\"lazyload\" style=\"--smush-placeholder-width: 1200px; --smush-placeholder-aspect-ratio: 1200\/1200;\" \/>\t\t\t\n\t\t\t<img decoding=\"async\" data-src=\"https:\/\/600mountaineer.com\/wp-content\/uploads\/2026\/01\/IMG_3596_Mod.webp\" alt=\"\" src=\"data:image\/svg+xml;base64,PHN2ZyB3aWR0aD0iMSIgaGVpZ2h0PSIxIiB4bWxucz0iaHR0cDovL3d3dy53My5vcmcvMjAwMC9zdmciPjwvc3ZnPg==\" class=\"lazyload\" style=\"--smush-placeholder-width: 1920px; --smush-placeholder-aspect-ratio: 1920\/2560;\" \/>\t\t\t\n\t\t\t\t<h2>La chambre<\/h2>Votre espace de vie propose des pi\u00e8ces g\u00e9n\u00e9reuses et des chambres \u00e0 coucher spacieuses, pour que vous puissiez respirer, vous d\u00e9tendre et vivre pleinement sans jamais vous sentir \u00e0 l\u2019\u00e9troit.<br \/>\nIci, chaque m\u00e8tre carr\u00e9 est optimis\u00e9 pour vous offrir confort, intimit\u00e9 et fluidit\u00e9 parce que chez vous, vous m\u00e9ritez de vous sentir libre.\n<img decoding=\"async\" data-src=\"https:\/\/600mountaineer.com\/wp-content\/uploads\/2026\/01\/IMG_3596_Mod.webp\" alt=\"\" src=\"data:image\/svg+xml;base64,PHN2ZyB3aWR0aD0iMSIgaGVpZ2h0PSIxIiB4bWxucz0iaHR0cDovL3d3dy53My5vcmcvMjAwMC9zdmciPjwvc3ZnPg==\" class=\"lazyload\" style=\"--smush-placeholder-width: 1920px; --smush-placeholder-aspect-ratio: 1920\/2560;\" \/>\t\t\t\n\t\t\t\t<a href=\"#\" aria-label=\"pr\u00e9c\u00e9dent\" role=\"button\">\n<\/a>\n\t\t\t\t<a href=\"#\" aria-label=\"suivant\" role=\"button\">\n<\/a>\n<h4  data-animation-delay=\"0.0\" data-animation-duration=\"1\">\n\t\t\tDes inclusions \u00e0 la hauteur de vos attentes\t<\/h4>\n\t\t\t\t<img decoding=\"async\" data-src=\"https:\/\/600mountaineer.com\/wp-content\/uploads\/2026\/01\/hot-water.svg\" alt=\"eau chaude\" itemprop=\"image\" height=\"90\" width=\"100\" title=\"eau chaude\" onerror=\"this.style.display='none'\" src=\"data:image\/svg+xml;base64,PHN2ZyB3aWR0aD0iMSIgaGVpZ2h0PSIxIiB4bWxucz0iaHR0cDovL3d3dy53My5vcmcvMjAwMC9zdmciPjwvc3ZnPg==\" class=\"lazyload\" style=\"--smush-placeholder-width: 100px; --smush-placeholder-aspect-ratio: 100\/90;\" \/>\n<h6>Eau<br \/>chaude<\/h6>\t\n\t\t\t\t<img decoding=\"async\" data-src=\"https:\/\/600mountaineer.com\/wp-content\/uploads\/2026\/01\/bell-fibe-internet.svg\" alt=\"bell-fibe-internet\" itemprop=\"image\" height=\"90\" width=\"100\" title=\"bell-fibe-internet\" onerror=\"this.style.display='none'\" src=\"data:image\/svg+xml;base64,PHN2ZyB3aWR0aD0iMSIgaGVpZ2h0PSIxIiB4bWxucz0iaHR0cDovL3d3dy53My5vcmcvMjAwMC9zdmciPjwvc3ZnPg==\" class=\"lazyload\" style=\"--smush-placeholder-width: 100px; --smush-placeholder-aspect-ratio: 100\/90;\" \/>\n<h6>Internet<br \/>BELL Fibe<\/h6>\t\n\t\t\t\t<img decoding=\"async\" data-src=\"https:\/\/600mountaineer.com\/wp-content\/uploads\/2026\/01\/5-appliances.svg\" alt=\"5 appareils\" itemprop=\"image\" height=\"90\" width=\"100\" title=\"5 appareils\" onerror=\"this.style.display='none'\" src=\"data:image\/svg+xml;base64,PHN2ZyB3aWR0aD0iMSIgaGVpZ2h0PSIxIiB4bWxucz0iaHR0cDovL3d3dy53My5vcmcvMjAwMC9zdmciPjwvc3ZnPg==\" class=\"lazyload\" style=\"--smush-placeholder-width: 100px; --smush-placeholder-aspect-ratio: 100\/90;\" \/>\n<h6>5 appareils \u00e9lecrom\u00e9nagers<\/h6>\t\n\t\t\t\t<img decoding=\"async\" data-src=\"https:\/\/600mountaineer.com\/wp-content\/uploads\/2026\/01\/window-coverings.svg\" alt=\"couvre-fen\u00eatres\" itemprop=\"image\" height=\"90\" width=\"100\" title=\"couvre-fen\u00eatres\" onerror=\"this.style.display='none'\" src=\"data:image\/svg+xml;base64,PHN2ZyB3aWR0aD0iMSIgaGVpZ2h0PSIxIiB4bWxucz0iaHR0cDovL3d3dy53My5vcmcvMjAwMC9zdmciPjwvc3ZnPg==\" class=\"lazyload\" style=\"--smush-placeholder-width: 100px; --smush-placeholder-aspect-ratio: 100\/90;\" \/>\n<h6>Couvre-fen\u00eatres (toiles \u00e0 rouleau)<\/h6>\t\n\t\t\t\t<img decoding=\"async\" data-src=\"https:\/\/600mountaineer.com\/wp-content\/uploads\/2026\/01\/central-ac.svg\" alt=\"central-ac\" itemprop=\"image\" height=\"90\" width=\"100\" title=\"central-ac\" onerror=\"this.style.display='none'\" src=\"data:image\/svg+xml;base64,PHN2ZyB3aWR0aD0iMSIgaGVpZ2h0PSIxIiB4bWxucz0iaHR0cDovL3d3dy53My5vcmcvMjAwMC9zdmciPjwvc3ZnPg==\" class=\"lazyload\" style=\"--smush-placeholder-width: 100px; --smush-placeholder-aspect-ratio: 100\/90;\" \/>\n<h6>Climatisation centrale<\/h6>\t\n\t\t\t\t<img decoding=\"async\" data-src=\"https:\/\/600mountaineer.com\/wp-content\/uploads\/2026\/01\/underground-lockers.svg\" alt=\"serrures souterraines\" itemprop=\"image\" height=\"90\" width=\"100\" title=\"serrures souterraines\" onerror=\"this.style.display='none'\" src=\"data:image\/svg+xml;base64,PHN2ZyB3aWR0aD0iMSIgaGVpZ2h0PSIxIiB4bWxucz0iaHR0cDovL3d3dy53My5vcmcvMjAwMC9zdmciPjwvc3ZnPg==\" class=\"lazyload\" style=\"--smush-placeholder-width: 100px; --smush-placeholder-aspect-ratio: 100\/90;\" \/>\n<h6>Casiers de<br \/>rangement*<\/h6>\t\n\t\t\t\t<img decoding=\"async\" data-src=\"https:\/\/600mountaineer.com\/wp-content\/uploads\/2026\/01\/electricity.svg\" alt=\"\u00e9lectricit\u00e9\" itemprop=\"image\" height=\"90\" width=\"100\" title=\"\u00e9lectricit\u00e9\" onerror=\"this.style.display='none'\" src=\"data:image\/svg+xml;base64,PHN2ZyB3aWR0aD0iMSIgaGVpZ2h0PSIxIiB4bWxucz0iaHR0cDovL3d3dy53My5vcmcvMjAwMC9zdmciPjwvc3ZnPg==\" class=\"lazyload\" style=\"--smush-placeholder-width: 100px; --smush-placeholder-aspect-ratio: 100\/90;\" \/>\n<h6>\u00c9lectricit\u00e9**<\/h6>\t\n\t\t\t<a href=\"\/fr\/plans\/\" target=\"_self\">\n\t\t\t\t\t\t\tVoir les plans\n\t\t\t\t\t<\/a>\n\t\t\t\t<img decoding=\"async\" data-src=\"https:\/\/600mountaineer.com\/wp-content\/uploads\/2026\/01\/Living-dining-room-view-2.webp\" alt=\"Salon-salle \u00e0 manger-vue-2\" itemprop=\"image\" height=\"700\" width=\"1080\" title=\"Salon-salle \u00e0 manger-vue-2\" onerror=\"this.style.display='none'\" src=\"data:image\/svg+xml;base64,PHN2ZyB3aWR0aD0iMSIgaGVpZ2h0PSIxIiB4bWxucz0iaHR0cDovL3d3dy53My5vcmcvMjAwMC9zdmciPjwvc3ZnPg==\" class=\"lazyload\" style=\"--smush-placeholder-width: 1080px; --smush-placeholder-aspect-ratio: 1080\/700;\" \/>\n\t<p>* Inclus dans le prix, uniquement au 600 Mountaineer. ** Inclus dans le prix, uniquement au 601 Mountaineer.<\/p>\n<h4  data-animation-delay=\"0\" data-animation-duration=\"1\">\n\t\t\tVotre appartement de luxe vous attend, louez d\u00e8s maintenant!\t<\/h4>\n\t\t\t\t<img decoding=\"async\" data-src=\"https:\/\/600mountaineer.com\/wp-content\/uploads\/2024\/06\/Moutaineer-Montagne-RGB-Beige.png\" alt=\"Moutaineer - Montagne - RGB - Beige\" itemprop=\"image\" height=\"320\" width=\"1920\" title=\"Moutaineer - Montagne - RGB - Beige\" onerror=\"this.style.display='none'\" src=\"data:image\/svg+xml;base64,PHN2ZyB3aWR0aD0iMSIgaGVpZ2h0PSIxIiB4bWxucz0iaHR0cDovL3d3dy53My5vcmcvMjAwMC9zdmciPjwvc3ZnPg==\" class=\"lazyload\" style=\"--smush-placeholder-width: 1920px; --smush-placeholder-aspect-ratio: 1920\/320;\" \/>\n\t<p>Contactez-nous d\u00e8s aujourd'hui pour en savoir plus et planifier votre visite priv\u00e9e.<\/p>\n                <form method='post' enctype='multipart\/form-data' target='gform_ajax_frame_2' id='gform_2'  action='https:\/\/600mountaineer.com\/fr\/apartments-2026\/?fl_builder&#038;fl_builder_ui_iframe#gf_2' data-formid='2' novalidate data-trp-original-action=\"https:\/\/600mountaineer.com\/apartments-2026\/?fl_builder&#038;fl_builder_ui_iframe#gf_2\"> \n <input type='hidden' class='gforms-pum' value='{\"closepopup\":false,\"closedelay\":0,\"openpopup\":false,\"openpopup_id\":0}' \/>\n                        <label class='gfield_label gform-field-label' for='input_2_8'>Confirmez l'adresse courriel<\/label>Ce champ est utilis\u00e9 \u00e0 des fins de validation et ne doit pas \u00eatre modifi\u00e9.<input name='input_8' id='input_2_8' type='text' value='' autocomplete='new-password'\/><fieldset id=\"field_2_1\"><legend class='gfield_label gform-field-label gfield_label_before_complex'>Nom (obligatoire)<\/legend>\n                                                    <input type='text' name='input_1.3' id='input_2_1_3' value='' tabindex='101'  aria-required='true'   placeholder='Pr\u00e9nom' autocomplete=\"given-name\" \/>\n                                                    <label for='input_2_1_3' class='gform-field-label gform-field-label--type-sub hidden_sub_label screen-reader-text'>Nom de famille<\/label>\n                                                    <input type='text' name='input_1.6' id='input_2_1_6' value='' tabindex='103'  aria-required='true'   placeholder='Nom' autocomplete=\"family-name\" \/>\n                                                    <label for='input_2_1_6' class='gform-field-label gform-field-label--type-sub hidden_sub_label screen-reader-text'>Nom<\/label>\n                        <\/fieldset><fieldset id=\"field_2_2\"><legend class='gfield_label gform-field-label gfield_label_before_complex'>Courriel (obligatoire)<\/legend>\n                                    <input class='' type='email' name='input_2' id='input_2_2' value='' tabindex='105'  placeholder='Adresse \u00e9lectronique' aria-required=\"true\" aria-invalid=\"false\"  autocomplete=\"email\"\/>\n                                    <label for='input_2_2' class='gform-field-label gform-field-label--type-sub hidden_sub_label screen-reader-text'>Adresse courriel<\/label>\n                                    <input class='' type='email' name='input_2_2' id='input_2_2_2' value='' tabindex='106'  placeholder='Confirmez l&#039;adresse courriel' aria-required=\"true\" aria-invalid=\"false\"  autocomplete=\"email\"\/>\n                                    <label for='input_2_2_2' class='gform-field-label gform-field-label--type-sub hidden_sub_label screen-reader-text'>Confirmez l'adresse courriel<\/label>\n                            <\/fieldset><label class='gfield_label gform-field-label' for='input_2_4'>T\u00e9l\u00e9phone (obligatoire)<\/label><input name='input_4' id='input_2_4' type='tel' value='' class='large' tabindex='107' placeholder='T\u00e9l\u00e9phone' aria-required=\"true\" aria-invalid=\"false\"  autocomplete=\"tel\" \/><label class='gfield_label gform-field-label' for='input_2_6'>Date d'emm\u00e9nagement (obligatoire)<\/label>\n                            <input name='input_6' id='input_2_6' type='text' value='' class='datepicker gform-datepicker mdy datepicker_no_icon gdatepicker-no-icon' tabindex='108'  placeholder='mm\/jj\/aaaa' aria-describedby=\"input_2_6_date_format\" aria-invalid=\"false\" aria-required=\"true\"\/>\n                            MM barre oblique DD barre oblique AAAA\n                        <input type='hidden' id='gforms_calendar_icon_input_2_6' class='gform_hidden' value='https:\/\/600mountaineer.com\/wp-content\/plugins\/gravityforms\/images\/datepicker\/datepicker.svg'\/><label class='gfield_label gform-field-label' for='input_2_5'>Vous cherchez \u00e0 louer (obligatoire)<\/label><select name='input_5' id='input_2_5' class='medium gfield_select' tabindex='109'   aria-required=\"true\" aria-invalid=\"false\"><option value='' selected='selected' class='gf_placeholder'>Nombre de chambres<\/option><option value='1 Bedroom'>1 chambre<\/option><option value='1 Bedroom + Den'>1 chambre + bureau<\/option><option value='2 Bedroom'>2 chambres<\/option><option value='2 Bedroom + Den'>2 chambres + bureau<\/option><option value='Undecided'>Ind\u00e9cis<\/option><\/select><fieldset id=\"field_2_7\"><legend class='gfield_label gform-field-label'>Quelle est la phase qui vous int\u00e9resse ?(Obligatoire)<\/legend>\n\t\t\t\t\t<input class='gfield-choice-input' name='input_7' type='radio' value='600'  id='choice_2_7_0' onchange='gformToggleRadioOther( this )'  tabindex='110'  \/>\n\t\t\t\t\t<label for='choice_2_7_0' id='label_2_7_0' class='gform-field-label gform-field-label--type-inline'>600 Mountaineer<\/label>\n\t\t\t\t\t<input class='gfield-choice-input' name='input_7' type='radio' value='601'  id='choice_2_7_1' onchange='gformToggleRadioOther( this )'  tabindex='111'  \/>\n\t\t\t\t\t<label for='choice_2_7_1' id='label_2_7_1' class='gform-field-label gform-field-label--type-inline'>601 Mountaineer<\/label>\n\t\t\t<\/fieldset><label class='gfield_label gform-field-label' for='input_2_3'>Commentaires(Obligatoire)<\/label><textarea name='input_3' id='input_2_3' class='textarea small' tabindex='112'  maxlength='600' placeholder='Faites-nous part de vos questions ou pr\u00e9occupations. Il nous fera plaisir d\u2019y r\u00e9pondre.' aria-required=\"true\" aria-invalid=\"false\"   rows='10' cols='50'><\/textarea>\n         <input type='submit' id='gform_submit_button_2' class='gform_button button' onclick='gform.submission.handleButtonClick(this);' data-submission-type='submit' value='Envoyer' tabindex='113' \/> <input type='hidden' name='gform_ajax' value='form_id=2&amp;title=&amp;description=&amp;tabindex=100&amp;theme=gravity-theme&amp;styles=[]&amp;hash=e7f710a893ae7720134a5bcc116899ec' \/>\n            <input type='hidden' class='gform_hidden' name='gform_submission_method' data-js='gform_submission_method_2' value='iframe' \/>\n            <input type='hidden' class='gform_hidden' name='gform_theme' data-js='gform_theme_2' id='gform_theme_2' value='gravity-theme' \/>\n            <input type='hidden' class='gform_hidden' name='gform_style_settings' data-js='gform_style_settings_2' id='gform_style_settings_2' value='[]' \/>\n            <input type='hidden' class='gform_hidden' name='is_submit_2' value='1' \/>\n            <input type='hidden' class='gform_hidden' name='gform_submit' value='2' \/>\n            <input type='hidden' class='gform_hidden' name='gform_unique_id' value='' \/>\n            <input type='hidden' class='gform_hidden' name='state_2' value='WyJ7XCI1XCI6W1wiMWYxYzUwMTAxMjFhNzJiZTFiYzA4MTAxOTIwNjhiYjVcIixcImMxYTE5NmFmMzhjNmI4ZjQxMDk0MDZhNmI4ZTI0NTVhXCIsXCJiZGIwYzQ5NjQ5YzgyYjc1YzNkODMxNmQzYjIxMTEwMlwiLFwiYjU2NmE5ZGY5N2FlYTQyNGJiNWY2OTM2NGQ2Y2EzMThcIixcIjBkMTk5MDQxNGQ5ZmRlMzkwZGEyMGIwNTllMjY5M2Q3XCJdLFwiN1wiOltcIjlmMTBiOGM2MzIyODBjOGQ5ZTJlZGQ4ZmJjZDMzNTcwXCIsXCJjODZjYzMxMGEzMzhjYmQ2ZWQ1ZmViYmU0MTFjZGQ3ZFwiXX0iLCJkMDRiOGRhMWE2ZDUzZTVmNDViNWFjZjQ1YWU0M2Q1MiJd' \/>\n            <input type='hidden' autocomplete='off' class='gform_hidden' name='gform_target_page_number_2' id='gform_target_page_number_2' value='0' \/>\n            <input type='hidden' autocomplete='off' class='gform_hidden' name='gform_source_page_number_2' id='gform_source_page_number_2' value='1' \/>\n            <input type='hidden' name='gform_field_values' value='' \/>\n                        <input type=\"hidden\" name=\"trp-form-language\" value=\"fr\"\/><\/form>\n\t\t                <iframe style='display:none;width:0px;height:0px;' src='about:blank' name='gform_ajax_frame_2' id='gform_ajax_frame_2' title='Cette iframe contient la logique n\u00e9cessaire pour g\u00e9rer les formulaires Gravity aliment\u00e9s par Ajax.'><\/iframe>","protected":false},"excerpt":{"rendered":"<p>Nos appartements : un accueil chaleureux Entrez dans votre appartement et vous vous sentirez imm\u00e9diatement chez vous. Soigneusement con\u00e7u avec des touches de modernit\u00e9 - des comptoirs en quartz \u00e0 la buanderie int\u00e9gr\u00e9e - chaque d\u00e9tail est pens\u00e9 pour votre confort et votre tranquillit\u00e9 d'esprit. Imaginez-vous en train de siroter un caf\u00e9 sur votre balcon spacieux ou de recevoir des amis dans votre salon communautaire confortable. Appartements neufs \u00e0 louer |...<\/p>","protected":false},"author":1,"featured_media":576,"parent":0,"menu_order":0,"comment_status":"closed","ping_status":"closed","template":"","meta":{"inline_featured_image":false,"footnotes":""},"class_list":["post-979","page","type-page","status-publish","has-post-thumbnail","hentry"],"_links":{"self":[{"href":"https:\/\/600mountaineer.com\/fr\/wp-json\/wp\/v2\/pages\/979","targetHints":{"allow":["GET"]}}],"collection":[{"href":"https:\/\/600mountaineer.com\/fr\/wp-json\/wp\/v2\/pages"}],"about":[{"href":"https:\/\/600mountaineer.com\/fr\/wp-json\/wp\/v2\/types\/page"}],"author":[{"embeddable":true,"href":"https:\/\/600mountaineer.com\/fr\/wp-json\/wp\/v2\/users\/1"}],"replies":[{"embeddable":true,"href":"https:\/\/600mountaineer.com\/fr\/wp-json\/wp\/v2\/comments?post=979"}],"version-history":[{"count":103,"href":"https:\/\/600mountaineer.com\/fr\/wp-json\/wp\/v2\/pages\/979\/revisions"}],"predecessor-version":[{"id":1208,"href":"https:\/\/600mountaineer.com\/fr\/wp-json\/wp\/v2\/pages\/979\/revisions\/1208"}],"wp:featuredmedia":[{"embeddable":true,"href":"https:\/\/600mountaineer.com\/fr\/wp-json\/wp\/v2\/media\/576"}],"wp:attachment":[{"href":"https:\/\/600mountaineer.com\/fr\/wp-json\/wp\/v2\/media?parent=979"}],"curies":[{"name":"wp","href":"https:\/\/api.w.org\/{rel}","templated":true}]}}